{"id":71452,"date":"2024-09-23T11:02:42","date_gmt":"2024-09-23T14:02:42","guid":{"rendered":"https:\/\/www-test.cuidalotuyo.org.ar\/?page_id=71452"},"modified":"2025-03-13T11:57:05","modified_gmt":"2025-03-13T14:57:05","slug":"la-campana","status":"publish","type":"page","link":"https:\/\/www.cuidalotuyo.org\/index.php\/la-campana\/","title":{"rendered":"La Campa\u00f1a"},"content":{"rendered":"<p>[et_pb_section fb_built=&#8221;1&#8243; _builder_version=&#8221;4.16&#8243; background_size=&#8221;initial&#8221; background_repeat=&#8221;repeat&#8221; custom_padding=&#8221;100px||100px||true|false&#8221; global_colors_info=&#8221;{}&#8221;][et_pb_row column_structure=&#8221;3_5,2_5&#8243; use_custom_gutter=&#8221;on&#8221; gutter_width=&#8221;2&#8243; make_equal=&#8221;on&#8221; custom_padding_last_edited=&#8221;on|phone&#8221; _builder_version=&#8221;4.27.0&#8243; width=&#8221;90%&#8221; width_tablet=&#8221;90%&#8221; width_phone=&#8221;90%&#8221; width_last_edited=&#8221;on|phone&#8221; max_width_tablet=&#8221;90%&#8221; max_width_phone=&#8221;90%&#8221; max_width_last_edited=&#8221;on|desktop&#8221; custom_padding=&#8221;0px||58px||false|false&#8221; custom_padding_tablet=&#8221;||0px||false|false&#8221; custom_padding_phone=&#8221;0px||0px||false|false&#8221; global_colors_info=&#8221;{}&#8221;][et_pb_column type=&#8221;3_5&#8243; _builder_version=&#8221;4.16&#8243; global_colors_info=&#8221;{}&#8221;][et_pb_image src=&#8221;http:\/\/www-test.cuidalotuyo.org.ar\/wp-content\/uploads\/2024\/09\/IMG_7206.jpg&#8221; title_text=&#8221;IMG_7206&#8243; show_in_lightbox=&#8221;on&#8221; _builder_version=&#8221;4.27.0&#8243; z_index=&#8221;582&#8243; max_width=&#8221;400px&#8221; module_alignment=&#8221;center&#8221; custom_margin=&#8221;|||-232px|false|false&#8221; animation_direction=&#8221;left&#8221; global_colors_info=&#8221;{}&#8221;][\/et_pb_image][et_pb_image src=&#8221;https:\/\/www.cuidalotuyo.org\/wp-content\/uploads\/2025\/03\/Cuida-la-rural-2024-2.jpg&#8221; title_text=&#8221;Cuida-la-rural-2024-2&#8243; _builder_version=&#8221;4.27.2&#8243; max_width=&#8221;400px&#8221; max_width_tablet=&#8221;400px&#8221; max_width_phone=&#8221;240px&#8221; max_width_last_edited=&#8221;on|phone&#8221; module_alignment=&#8221;right&#8221; custom_margin=&#8221;0px||||false|false&#8221; custom_margin_tablet=&#8221;-484px||||false|false&#8221; custom_margin_phone=&#8221;||||false|false&#8221; custom_margin_last_edited=&#8221;on|phone&#8221; custom_padding=&#8221;||||false|false&#8221; hover_enabled=&#8221;0&#8243; global_colors_info=&#8221;{}&#8221; sticky_enabled=&#8221;0&#8243;][\/et_pb_image][\/et_pb_column][et_pb_column type=&#8221;2_5&#8243; _builder_version=&#8221;4.27.0&#8243; custom_padding=&#8221;66px|||40px|false|false&#8221; custom_padding_tablet=&#8221;90px|||0px|false|false&#8221; custom_padding_phone=&#8221;20px|||0px|false|false&#8221; custom_padding_last_edited=&#8221;on|desktop&#8221; animation_direction=&#8221;right&#8221; global_colors_info=&#8221;{}&#8221;][et_pb_text _builder_version=&#8221;4.27.0&#8243; text_font=&#8221;Barlow|600||on|||||&#8221; text_text_color=&#8221;#848484&#8243; text_font_size=&#8221;12px&#8221; text_letter_spacing=&#8221;2px&#8221; text_line_height=&#8221;1em&#8221; global_colors_info=&#8221;{}&#8221;]<\/p>\n<p>Cuida lo tuyo<\/p>\n<p>[\/et_pb_text][et_pb_text _builder_version=&#8221;4.27.0&#8243; header_font=&#8221;Barlow|700|||||||&#8221; header_text_color=&#8221;#000000&#8243; header_font_size=&#8221;34px&#8221; header_letter_spacing=&#8221;-1px&#8221; header_line_height=&#8221;1.2em&#8221; custom_margin_tablet=&#8221;-17px||||false|false&#8221; custom_margin_phone=&#8221;-15px||||false|false&#8221; custom_margin_last_edited=&#8221;on|desktop&#8221; custom_padding=&#8221;3px||||false|false&#8221; header_font_size_tablet=&#8221;&#8221; header_font_size_phone=&#8221;25px&#8221; header_font_size_last_edited=&#8221;on|desktop&#8221; global_colors_info=&#8221;{}&#8221;]<\/p>\n<h1>La Campa\u00f1a<\/h1>\n<p>[\/et_pb_text][et_pb_text _builder_version=&#8221;4.27.0&#8243; text_font=&#8221;Barlow Condensed||||||||&#8221; text_text_color=&#8221;#7b7b7b&#8221; text_font_size=&#8221;17px&#8221; text_line_height=&#8221;1.8em&#8221; custom_margin=&#8221;21px||||false|false&#8221; custom_margin_tablet=&#8221;-19px||||false|false&#8221; custom_margin_phone=&#8221;-20px||||false|false&#8221; custom_margin_last_edited=&#8221;on|desktop&#8221; custom_padding=&#8221;||26px||false|false&#8221; global_colors_info=&#8221;{}&#8221;]<\/p>\n<p><span>Desde 2010, los escribanos van a tu encuentro para ayudarte a que entiendas por qu\u00e9 es importante que cuides lo tuyo. \u00bfC\u00f3mo? D\u00e1ndote la posibilidad de participar en asesor\u00edas presenciales y virtuales, y brind\u00e1ndote informaci\u00f3n en materia notarial. Todo, de manera simple, concreta y gratuita.<\/span><\/p>\n<p>[\/et_pb_text][et_pb_blurb title=&#8221;Organiza el Colegio de Escribanos de la Ciudad de Buenos Aires&#8221; image=&#8221;https:\/\/www.cuidalotuyo.org\/wp-content\/uploads\/2024\/09\/barber-29-3.png&#8221; icon_placement=&#8221;left&#8221; image_icon_width=&#8221;18px&#8221; content_max_width=&#8221;100%&#8221; _builder_version=&#8221;4.27.2&#8243; header_font=&#8221;Barlow||||||||&#8221; header_text_color=&#8221;#333333&#8243; header_font_size=&#8221;14px&#8221; header_line_height=&#8221;1.5em&#8221; custom_margin=&#8221;-5px||||false|false&#8221; custom_margin_tablet=&#8221;-22px||||false|false&#8221; custom_margin_phone=&#8221;-28px||||false|false&#8221; custom_margin_last_edited=&#8221;on|phone&#8221; animation=&#8221;off&#8221; hover_enabled=&#8221;0&#8243; image_max_width=&#8221;18px&#8221; global_colors_info=&#8221;{}&#8221; sticky_enabled=&#8221;0&#8243;][\/et_pb_blurb][et_pb_blurb title=&#8221;Asesor\u00edas presenciales&#8221; image=&#8221;https:\/\/www.cuidalotuyo.org\/wp-content\/uploads\/2024\/09\/barber-29-3.png&#8221; icon_placement=&#8221;left&#8221; image_icon_width=&#8221;18px&#8221; content_max_width=&#8221;100%&#8221; _builder_version=&#8221;4.27.0&#8243; header_font=&#8221;Barlow||||||||&#8221; header_text_color=&#8221;#333333&#8243; header_font_size=&#8221;14px&#8221; header_line_height=&#8221;1.5em&#8221; custom_margin=&#8221;-5px||||false|false&#8221; custom_margin_tablet=&#8221;-22px||||false|false&#8221; custom_margin_phone=&#8221;-28px||||false|false&#8221; custom_margin_last_edited=&#8221;on|phone&#8221; animation=&#8221;off&#8221; image_max_width=&#8221;18px&#8221; global_colors_info=&#8221;{}&#8221;][\/et_pb_blurb][et_pb_blurb title=&#8221;Conoczca sus derechos y los instrumentos jur\u00eddico-notariales&#8221; image=&#8221;https:\/\/www.cuidalotuyo.org\/wp-content\/uploads\/2024\/09\/barber-29-3.png&#8221; icon_placement=&#8221;left&#8221; image_icon_width=&#8221;18px&#8221; content_max_width=&#8221;100%&#8221; _builder_version=&#8221;4.27.0&#8243; header_font=&#8221;Barlow||||||||&#8221; header_text_color=&#8221;#333333&#8243; header_font_size=&#8221;14px&#8221; header_line_height=&#8221;1.5em&#8221; custom_margin=&#8221;-5px||||false|false&#8221; custom_margin_tablet=&#8221;-22px||||false|false&#8221; custom_margin_phone=&#8221;-28px||||false|false&#8221; custom_margin_last_edited=&#8221;on|phone&#8221; animation=&#8221;off&#8221; image_max_width=&#8221;18px&#8221; global_colors_info=&#8221;{}&#8221;][\/et_pb_blurb][et_pb_blurb title=&#8221;Protega su patrimonio&#8221; image=&#8221;https:\/\/www.cuidalotuyo.org\/wp-content\/uploads\/2024\/09\/barber-29-3.png&#8221; icon_placement=&#8221;left&#8221; image_icon_width=&#8221;18px&#8221; content_max_width=&#8221;100%&#8221; _builder_version=&#8221;4.27.0&#8243; header_font=&#8221;Barlow||||||||&#8221; header_text_color=&#8221;#333333&#8243; header_font_size=&#8221;14px&#8221; header_line_height=&#8221;1.5em&#8221; custom_margin=&#8221;-5px||||false|false&#8221; custom_margin_tablet=&#8221;-22px||||false|false&#8221; custom_margin_phone=&#8221;-28px||||false|false&#8221; custom_margin_last_edited=&#8221;on|phone&#8221; animation=&#8221;off&#8221; image_max_width=&#8221;18px&#8221; global_colors_info=&#8221;{}&#8221;][\/et_pb_blurb][\/et_pb_column][\/et_pb_row][et_pb_row _builder_version=&#8221;4.27.0&#8243; _module_preset=&#8221;default&#8221; global_colors_info=&#8221;{}&#8221;][et_pb_column type=&#8221;4_4&#8243; _builder_version=&#8221;4.27.0&#8243; _module_preset=&#8221;default&#8221; global_colors_info=&#8221;{}&#8221;][et_pb_text _builder_version=&#8221;4.27.0&#8243; _module_preset=&#8221;default&#8221; text_font=&#8221;Barlow||||||||&#8221; header_3_font=&#8221;Barlow||||||||&#8221; custom_margin=&#8221;46px|||||&#8221; global_colors_info=&#8221;{}&#8221;]<\/p>\n<h3><strong>\u00bfCu\u00e1l es el objetivo de la campa\u00f1a?<\/strong><\/h3>\n<p>Poner a tu disposici\u00f3n todo el conocimiento y el consejo de nuestros profesionales, con quienes podr\u00e1s aclarar tus dudas, cada s\u00e1bado, en las asesor\u00edas barriales, o a trav\u00e9s de esta web. Consult\u00e1 un escribano hoy, evit\u00e1 un problema ma\u00f1ana.<\/p>\n<p>&nbsp;<\/p>\n<h3><strong>\u00bfC\u00f3mo se realiza el asesoramiento?<\/strong><\/h3>\n<p>El asesoramiento es individual, personalizado y gratuito. Durante las primeras, las consultas de los vecinos se atienden por orden de llegada. Una vez enfrente de un escribano, podr\u00e1s resolver con \u00e9l todas tus inquietudes.<\/p>\n<p>[\/et_pb_text][\/et_pb_column][\/et_pb_row][\/et_pb_section]<\/p>\n","protected":false},"excerpt":{"rendered":"<p>Cuida lo tuyoLa Campa\u00f1aDesde 2010, los escribanos van a tu encuentro para ayudarte a que entiendas por qu\u00e9 es importante que cuides lo tuyo. \u00bfC\u00f3mo? D\u00e1ndote la posibilidad de participar en asesor\u00edas presenciales y virtuales, y brind\u00e1ndote informaci\u00f3n en materia notarial. Todo, de manera simple, concreta y gratuita.\u00bfCu\u00e1l es el objetivo de la campa\u00f1a? Poner [&hellip;]<\/p>\n","protected":false},"author":1,"featured_media":0,"parent":0,"menu_order":0,"comment_status":"closed","ping_status":"closed","template":"","meta":{"_et_pb_use_builder":"on","_et_pb_old_content":"","_et_gb_content_width":"","footnotes":""},"class_list":["post-71452","page","type-page","status-publish","hentry"],"jetpack_sharing_enabled":true,"_links":{"self":[{"href":"https:\/\/www.cuidalotuyo.org\/index.php\/wp-json\/wp\/v2\/pages\/71452","targetHints":{"allow":["GET"]}}],"collection":[{"href":"https:\/\/www.cuidalotuyo.org\/index.php\/wp-json\/wp\/v2\/pages"}],"about":[{"href":"https:\/\/www.cuidalotuyo.org\/index.php\/wp-json\/wp\/v2\/types\/page"}],"author":[{"embeddable":true,"href":"https:\/\/www.cuidalotuyo.org\/index.php\/wp-json\/wp\/v2\/users\/1"}],"replies":[{"embeddable":true,"href":"https:\/\/www.cuidalotuyo.org\/index.php\/wp-json\/wp\/v2\/comments?post=71452"}],"version-history":[{"count":21,"href":"https:\/\/www.cuidalotuyo.org\/index.php\/wp-json\/wp\/v2\/pages\/71452\/revisions"}],"predecessor-version":[{"id":81592,"href":"https:\/\/www.cuidalotuyo.org\/index.php\/wp-json\/wp\/v2\/pages\/71452\/revisions\/81592"}],"wp:attachment":[{"href":"https:\/\/www.cuidalotuyo.org\/index.php\/wp-json\/wp\/v2\/media?parent=71452"}],"curies":[{"name":"wp","href":"https:\/\/api.w.org\/{rel}","templated":true}]}}