{"id":71438,"date":"2024-09-23T10:31:32","date_gmt":"2024-09-23T13:31:32","guid":{"rendered":"https:\/\/www-test.cuidalotuyo.org.ar\/?page_id=71438"},"modified":"2024-10-18T10:19:41","modified_gmt":"2024-10-18T13:19:41","slug":"el-colegio","status":"publish","type":"page","link":"https:\/\/www.cuidalotuyo.org\/index.php\/el-colegio\/","title":{"rendered":"El Colegio"},"content":{"rendered":"<p>[et_pb_section fb_built=&#8221;1&#8243; _builder_version=&#8221;4.16&#8243; custom_padding=&#8221;100px||100px||true|&#8221; global_colors_info=&#8221;{}&#8221;][et_pb_row column_structure=&#8221;1_2,1_2&#8243; use_custom_gutter=&#8221;on&#8221; gutter_width=&#8221;2&#8243; make_equal=&#8221;on&#8221; _builder_version=&#8221;4.27.0&#8243; width_tablet=&#8221;90%&#8221; width_phone=&#8221;90%&#8221; width_last_edited=&#8221;off|desktop&#8221; max_width_tablet=&#8221;90%&#8221; max_width_phone=&#8221;90%&#8221; max_width_last_edited=&#8221;off|desktop&#8221; custom_padding=&#8221;0px||0px||true|false&#8221; global_colors_info=&#8221;{}&#8221;][et_pb_column type=&#8221;1_2&#8243; _builder_version=&#8221;4.16&#8243; custom_padding=&#8221;70px||70px||true|false&#8221; animation_direction=&#8221;left&#8221; global_colors_info=&#8221;{}&#8221;][et_pb_text _builder_version=&#8221;4.27.0&#8243; header_font=&#8221;Barlow|800|||||||&#8221; header_text_align=&#8221;center&#8221; header_text_color=&#8221;#000000&#8243; header_font_size=&#8221;35px&#8221; header_line_height=&#8221;1.3em&#8221; max_width=&#8221;500px&#8221; module_alignment=&#8221;center&#8221; header_font_size_tablet=&#8221;&#8221; header_font_size_phone=&#8221;30px&#8221; header_font_size_last_edited=&#8221;on|desktop&#8221; module_alignment_tablet=&#8221;center&#8221; module_alignment_phone=&#8221;&#8221; module_alignment_last_edited=&#8221;on|desktop&#8221; global_colors_info=&#8221;{}&#8221;]<\/p>\n<h1 style=\"text-align: left;\">El Colegio<\/h1>\n<p>[\/et_pb_text][et_pb_text _builder_version=&#8221;4.27.0&#8243; text_font=&#8221;Barlow Condensed|700||on|||||&#8221; text_text_color=&#8221;#000000&#8243; text_font_size=&#8221;11px&#8221; text_letter_spacing=&#8221;1px&#8221; text_line_height=&#8221;1.5em&#8221; text_orientation=&#8221;center&#8221; max_width=&#8221;500px&#8221; module_alignment=&#8221;center&#8221; custom_margin=&#8221;-13px||&#8221; custom_margin_tablet=&#8221;-25px||&#8221; custom_margin_phone=&#8221;-25px||&#8221; custom_margin_last_edited=&#8221;on|desktop&#8221; module_alignment_tablet=&#8221;center&#8221; module_alignment_phone=&#8221;&#8221; module_alignment_last_edited=&#8221;on|desktop&#8221; text_text_align=&#8221;center&#8221; global_colors_info=&#8221;{}&#8221;]<\/p>\n<h4 style=\"text-align: left;\"><strong>Garante de la seguridad jur\u00eddica y la excelencia profesional<\/strong><\/h4>\n<p>[\/et_pb_text][et_pb_text _builder_version=&#8221;4.27.0&#8243; text_font=&#8221;Barlow|300|||||||&#8221; text_text_color=&#8221;#000000&#8243; text_font_size=&#8221;17px&#8221; text_line_height=&#8221;1.8em&#8221; header_4_font=&#8221;Heebo||||||||&#8221; header_4_text_color=&#8221;#179ff6&#8243; header_4_font_size=&#8221;14px&#8221; text_orientation=&#8221;center&#8221; module_alignment=&#8221;center&#8221; custom_padding=&#8221;0px|||||&#8221; custom_padding_tablet=&#8221;40px||||false|false&#8221; custom_padding_phone=&#8221;40px||||false|false&#8221; custom_padding_last_edited=&#8221;on|tablet&#8221; module_alignment_tablet=&#8221;center&#8221; module_alignment_last_edited=&#8221;off|desktop&#8221; text_text_align=&#8221;center&#8221; global_colors_info=&#8221;{}&#8221;]<\/p>\n<p style=\"text-align: left;\">El Colegio de Escribanos de la Ciudad de Buenos Aires se fund\u00f3 el 7 de abril de 1866 y fue la primera instituci\u00f3n colegiada del pa\u00eds.<span id=\"more-4798\"><\/span><\/p>\n<p style=\"text-align: left;\">En 1947, alcanz\u00f3 su condici\u00f3n de entidad de derecho p\u00fablico. Desde entonces, es responsable de garantizar a la comunidad el ejercicio de las facultades que el Estado delega en los escribanos, con absoluta honradez y persiguiendo siempre el bien com\u00fan.<\/p>\n<p style=\"text-align: left;\">\u00bfC\u00f3mo se brinda aquella garant\u00eda? Mediante un eficiente sistema de inspecciones que asegura el mejor servicio profesional y su correcta prestaci\u00f3n.<\/p>\n<p style=\"text-align: left;\">Adem\u00e1s de representar a los escribanos de la Ciudad y acercarles herramientas para su desarrollo (como los continuos programas de capacitaci\u00f3n), el Colegio se propone defender la seguridad jur\u00eddica, promover el avance de la legislaci\u00f3n y difundir internacionalmente sus aportes acad\u00e9micos y jur\u00eddicos.<\/p>\n<p style=\"text-align: left;\"><strong>El Colegio garantiza a la comunidad el correcto ejercicio de la actividad de los escribanos<\/strong><\/p>\n<p>[\/et_pb_text][et_pb_button button_url=&#8221;http:\/\/www.colegio-escribanos.org.ar&#8221; button_text=&#8221;Para m\u00e1s informaci\u00f3n&#8221; button_alignment=&#8221;center&#8221; _builder_version=&#8221;4.27.0&#8243; custom_button=&#8221;on&#8221; button_text_size=&#8221;14px&#8221; button_text_color=&#8221;#ffffff&#8221; button_bg_color=&#8221;#383838&#8243; button_border_width=&#8221;1px&#8221; button_border_color=&#8221;#383838&#8243; button_border_radius=&#8221;0px&#8221; button_letter_spacing=&#8221;1px&#8221; button_font=&#8221;Poppins|||on|||||&#8221; button_use_icon=&#8221;off&#8221; custom_margin=&#8221;38px||||false|false&#8221; custom_margin_tablet=&#8221;|||0px&#8221; custom_margin_phone=&#8221;|||0px&#8221; custom_margin_last_edited=&#8221;on|desktop&#8221; custom_padding=&#8221;14px|28px|14px|28px|true|true&#8221; global_colors_info=&#8221;{}&#8221; button_text_color__hover_enabled=&#8221;on|desktop&#8221; button_text_color__hover=&#8221;#474747&#8243; button_bg_color__hover_enabled=&#8221;on&#8221; button_bg_color__hover=&#8221;#bfbfbf&#8221; button_bg_enable_color__hover=&#8221;on&#8221; button_border_color__hover_enabled=&#8221;on|hover&#8221; button_border_color__hover=&#8221;#bfbfbf&#8221; box_shadow_color__hover_enabled=&#8221;on&#8221; box_shadow_color__hover=&#8221;rgba(122,142,154,0.66)&#8221; button_letter_spacing__hover=&#8221;1px&#8221; button_letter_spacing__hover_enabled=&#8221;on&#8221;][\/et_pb_button][\/et_pb_column][et_pb_column type=&#8221;1_2&#8243; _builder_version=&#8221;4.27.0&#8243; background_image=&#8221;http:\/\/www-test.cuidalotuyo.org.ar\/wp-content\/uploads\/2024\/09\/DSC_0125-scaled.jpg&#8221; animation_direction=&#8221;right&#8221; global_colors_info=&#8221;{}&#8221;][et_pb_divider show_divider=&#8221;off&#8221; _builder_version=&#8221;4.16&#8243; _module_preset=&#8221;default&#8221; custom_padding_tablet=&#8221;50%||50%||true|false&#8221; custom_padding_phone=&#8221;50%||50%||true|false&#8221; custom_padding_last_edited=&#8221;on|tablet&#8221; global_colors_info=&#8221;{}&#8221;][\/et_pb_divider][et_pb_image src=&#8221;https:\/\/www.cuidalotuyo.org\/wp-content\/uploads\/2024\/09\/DSC_0125-scaled.jpg&#8221; _builder_version=&#8221;4.27.0&#8243; _module_preset=&#8221;default&#8221; hover_enabled=&#8221;0&#8243; sticky_enabled=&#8221;0&#8243; title_text=&#8221;DSC_0125&#8243;][\/et_pb_image][\/et_pb_column][\/et_pb_row][\/et_pb_section]<\/p>\n","protected":false},"excerpt":{"rendered":"<p>El ColegioGarante de la seguridad jur\u00eddica y la excelencia profesionalEl Colegio de Escribanos de la Ciudad de Buenos Aires se fund\u00f3 el 7 de abril de 1866 y fue la primera instituci\u00f3n colegiada del pa\u00eds. En 1947, alcanz\u00f3 su condici\u00f3n de entidad de derecho p\u00fablico. Desde entonces, es responsable de garantizar a la comunidad el [&hellip;]<\/p>\n","protected":false},"author":1,"featured_media":0,"parent":0,"menu_order":0,"comment_status":"closed","ping_status":"closed","template":"","meta":{"_et_pb_use_builder":"on","_et_pb_old_content":"","_et_gb_content_width":"","footnotes":""},"class_list":["post-71438","page","type-page","status-publish","hentry"],"jetpack_sharing_enabled":true,"_links":{"self":[{"href":"https:\/\/www.cuidalotuyo.org\/index.php\/wp-json\/wp\/v2\/pages\/71438","targetHints":{"allow":["GET"]}}],"collection":[{"href":"https:\/\/www.cuidalotuyo.org\/index.php\/wp-json\/wp\/v2\/pages"}],"about":[{"href":"https:\/\/www.cuidalotuyo.org\/index.php\/wp-json\/wp\/v2\/types\/page"}],"author":[{"embeddable":true,"href":"https:\/\/www.cuidalotuyo.org\/index.php\/wp-json\/wp\/v2\/users\/1"}],"replies":[{"embeddable":true,"href":"https:\/\/www.cuidalotuyo.org\/index.php\/wp-json\/wp\/v2\/comments?post=71438"}],"version-history":[{"count":9,"href":"https:\/\/www.cuidalotuyo.org\/index.php\/wp-json\/wp\/v2\/pages\/71438\/revisions"}],"predecessor-version":[{"id":71573,"href":"https:\/\/www.cuidalotuyo.org\/index.php\/wp-json\/wp\/v2\/pages\/71438\/revisions\/71573"}],"wp:attachment":[{"href":"https:\/\/www.cuidalotuyo.org\/index.php\/wp-json\/wp\/v2\/media?parent=71438"}],"curies":[{"name":"wp","href":"https:\/\/api.w.org\/{rel}","templated":true}]}}